{"id":1796,"date":"2017-05-12T13:50:27","date_gmt":"2017-05-12T11:50:27","guid":{"rendered":"https:\/\/brennaconfezioni.it\/privacy\/"},"modified":"2017-05-12T13:50:27","modified_gmt":"2017-05-12T11:50:27","slug":"privacy","status":"publish","type":"page","link":"https:\/\/brennaconfezioni.it\/en\/privacy\/","title":{"rendered":"Privacy"},"content":{"rendered":"<p>Informativa Ai sensi del D.Lgs. 196\/2003 che prevede la tutela delle persone e di altri soggetti rispetto al trattamento dei dati personali<\/p>\n<p>Desideriamo informarla che i dati personali da lei forniti ovvero altrimenti acquisiti nell&#8217;ambito della nostra attivit\u00e0 potranno essere trattati dalla <strong>Brenna Confezioni Srl<\/strong> (da ora Societ\u00e0) su supporto cartaceo e\/o con l&#8217;ausilio di strumenti informatici nel rispetto della normativa di cui sopra per finalit\u00e0 gestionali, invio documentazione tecnica, statistiche, commerciali, marketing, promozionali o comunicazioni commerciali.<br \/>\nAi sensi dell&#8217;art. 7 del D.Lgs. 196\/2003 in ogni momento potr\u00e0 avere accesso agli stessi dati, chiederne la modifica, la cancellazione oppure opporsi al loro utilizzo. Titolare del trattamento \u00e8 la Societ\u00e0.<\/p>\n<h4>Oggetto dell&#8217;informativa:<\/h4>\n<p>Le informazioni oggetto della presente comunicazione riguardano i vostri dati personali comuni forniti da voi stessi e tutti i dati, anche sensibili (ovvero idonei a rivelare le convinzioni religiose, le opinioni politiche, l&#8217; adesione a partiti, sindacati, associazioni od organizzazioni a carattere religioso, politico e sindacale, nonch\u00e9 i dati idonei a rivelare lo stato di salute) da voi conferitici direttamente, nonch\u00e9 acquisiti in futuro sia da noi direttamente che tramite terzi oppure attraverso l&#8217;ausilio di sistemi elettronici, telematici e con ogni altro mezzo messo a disposizione dalla tecnica e dall&#8217;evoluzione tecnologica nel rispetto della legge.<br \/>\nFinalit\u00e0 del trattamento:<br \/>\nIl trattamento dei vostri dati avviene per finalit\u00e0 atte al conseguimento dei nostri scopi sociali e, comunque, connessi e strumentali alle attivit\u00e0 della nostra societ\u00e0, quali ad esempio:<br \/>\nfinalit\u00e0 connesse all&#8217;acquisizione di informazioni, utili all&#8217;attivazione o alla prosecuzione di rapporti con la nostra societ\u00e0;<br \/>\nfinalit\u00e0 connesse alla personalizzazione ed all&#8217; implementazione dei servizi forniti dalla nostra societ\u00e0 ed all&#8217;eventuale verifica del livello di soddisfazione;<br \/>\nfinalit\u00e0 connesse alla comunicazione di informazioni relative a nuove offerte di prodotti e di servizi della nostra societ\u00e0. In particolare per i servizi relativi alla gestione della posta e di domini web, tutte le informazioni sono potenzialmente accessibili dal nostro personale unicamente per garantirvi il ripristino dei dati di vostra propriet\u00e0. La Societ\u00e0 non \u00e8 assolutamente responsabile del loro contenuto, n\u00e9 potr\u00e0 utilizzare tali informazioni per fini differenti da quello indicato.<\/p>\n<h4>Modalit\u00e0 del trattamento:<\/h4>\n<p>I dati personali da voi forniti saranno inseriti in una banca dati e\/o conservati in archivi cartacei o su supporto magnetico e saranno da noi trattati manualmente oppure attraverso l&#8217;ausilio di sistemi elettronici, telematici e con ogni altro mezzo messo a disposizione dalla tecnica e dall&#8217;evoluzione tecnologica nel rispetto della legge.<br \/>\nIl trattamento dei dati avverr\u00e0 in modo lecito e corretto e, comunque, in modo da garantire la sicurezza e la riservatezza dei dati stessi.<br \/>\nI dati di vostra propriet\u00e0 ed archiviati presso la Societ\u00e0 in formato digitale, saranno invece conservati separatamente e saranno accessibili unicamente su vostra richiesta e per fini di manutenzione\/ripristino. Non potendo distinguere i dati a cui la Societ\u00e0 pu\u00f2 potenzialmente accedere, verranno trattati come dati di tipo sensibile, e saranno pertanto adottate le corrispondenti misure di sicurezza informatiche a vostra tutela.<br \/>\nNatura obbligatoria e facoltativa del conferimento e conseguenze dell&#8217;eventuale rifiuto:<br \/>\nIl conferimento da parte vostra dei dati per le finalit\u00e0 di cui ai punti 2-a e 2-b sopra menzionate \u00e8 obbligatorio.<br \/>\nL&#8217;eventuale vostro rifiuto di fornire i dati o parte di essi pu\u00f2 comportare l&#8217;impedimento nell&#8217;esecuzione del rapporto.<br \/>\nIl conferimento dei dati potrebbe rappresentare, inoltre, un onere per voi necessario al fine di poterci consentire di adempiere ad obblighi legali connessi a norme civilistiche, fiscali e contabili.<br \/>\nIl conferimento da parte vostra dei dati per le finalit\u00e0 di cui al punto 2-c sopra menzionato \u00e8 facoltativo.<br \/>\nSoggetti ai quali possono essere comunicati i dati:<br \/>\nI vostri dati personali potranno da noi essere comunicati, per quanto di loro rispettiva e specifica competenza, ad Enti ed in generale ad ogni soggetto pubblico e privato, societ\u00e0 collegate, controllate, controllanti rispetto al quale vi sia per noi obbligo di comunicazione e ci\u00f2 anche al fine del pi\u00f9 corretto adempimento di ogni eventuale rispettivo obbligo (anche di natura strumentale) comunque connesso o riferibile ai rapporti presenti e futuri che si andranno con voi ad instaurare, imposto da leggi e\/o regolamenti o per il conseguimento delle finalit\u00e0 sopra espresse. I dati in nostro possesso non saranno in nessun caso oggetto di diffusione.<\/p>\n<h4>Diritti dell&#8217;interessato:<\/h4>\n<p>Rispetto ai dati in nostro possesso, \u00e8 in vostra facolt\u00e0 esercitare tutti i diritti riconosciuti dall&#8217;art. 7 del D.Lgs. 196\/2003, che per Sua comodit\u00e0 riproduciamo integralmente:<br \/>\nL&#8217;interessato ha diritto di ottenere la conferma dell&#8217;esistenza o meno di dati personali che lo riguardano, anche se non ancora registrati, e la loro comunicazione in forma intelligibile.<br \/>\nL&#8217;interessato ha diritto di ottenere l&#8217;indicazione:<br \/>\ndell&#8217;origine dei dati personali;<br \/>\ndelle finalit\u00e0 e modalit\u00e0 del trattamento;<br \/>\ndella logica applicata in caso di trattamento effettuato con l&#8217;ausilio di strumenti elettronici;<br \/>\ndegli estremi identificativi del titolare, dei responsabili e del rappresentante designato ai sensi dell&#8217;articolo 5, comma 2;<br \/>\ndei soggetti o delle categorie di soggetti ai quali i dati personali possono essere comunicati o che possono venirne a conoscenza in qualit\u00e0 di rappresentante designato nel territorio dello Stato, di responsabili o incaricati.<\/p>\n<h4>L&#8217;interessato ha diritto di ottenere:<\/h4>\n<p>l&#8217;aggiornamento, la rettificazione ovvero, quando vi ha interesse, l&#8217;integrazione dei dati;<br \/>\nla cancellazione, la trasformazione in forma anonima o il blocco dei dati trattati in violazione di legge, compresi quelli di cui non \u00e8 necessaria la conservazione in relazione agli scopi per i quali i dati sono stati raccolti o successivamente trattati;<br \/>\nl&#8217;attestazione che le operazioni di cui alle lettere a) e b) sono state portate a conoscenza, anche per quanto riguarda il loro contenuto, di coloro ai quali i dati sono stati comunicati o diffusi, eccettuato il caso in cui tale adempimento si rivela impossibile o comporta un impiego di mezzi manifestamente sproporzionato rispetto al diritto tutelato.<br \/>\nL&#8217;interessato ha diritto di opporsi, in tutto o in parte:<br \/>\nper motivi legittimi al trattamento dei dati personali che lo riguardano, ancorch\u00e9 pertinenti allo scopo della raccolta;<br \/>\nal trattamento di dati personali che lo riguardano a fini di invio di materiale pubblicitario o di vendita diretta o per il compimento di ricerche di mercato o di comunicazione commerciale.<\/p>\n","protected":false},"excerpt":{"rendered":"<p>Informativa Ai sensi del D.Lgs. 196\/2003 che prevede la tutela delle persone e di altri soggetti rispetto al trattamento dei dati personali Desideriamo informarla che i dati personali da lei forniti ovvero altrimenti acquisiti nell&#8217;ambito della nostra attivit\u00e0 potranno essere trattati dalla Brenna Confezioni Srl (da ora Societ\u00e0) su supporto cartaceo e\/o con l&#8217;ausilio di [&hellip;]<\/p>\n","protected":false},"author":1,"featured_media":0,"parent":0,"menu_order":0,"comment_status":"closed","ping_status":"closed","template":"","meta":[],"_links":{"self":[{"href":"https:\/\/brennaconfezioni.it\/en\/wp-json\/wp\/v2\/pages\/1796"}],"collection":[{"href":"https:\/\/brennaconfezioni.it\/en\/wp-json\/wp\/v2\/pages"}],"about":[{"href":"https:\/\/brennaconfezioni.it\/en\/wp-json\/wp\/v2\/types\/page"}],"author":[{"embeddable":true,"href":"https:\/\/brennaconfezioni.it\/en\/wp-json\/wp\/v2\/users\/1"}],"replies":[{"embeddable":true,"href":"https:\/\/brennaconfezioni.it\/en\/wp-json\/wp\/v2\/comments?post=1796"}],"version-history":[{"count":0,"href":"https:\/\/brennaconfezioni.it\/en\/wp-json\/wp\/v2\/pages\/1796\/revisions"}],"wp:attachment":[{"href":"https:\/\/brennaconfezioni.it\/en\/wp-json\/wp\/v2\/media?parent=1796"}],"curies":[{"name":"wp","href":"https:\/\/api.w.org\/{rel}","templated":true}]}}